{"id":1376880,"date":"2023-10-30T16:18:32","date_gmt":"2023-10-30T15:18:32","guid":{"rendered":"https:\/\/clinect.pl\/?post_type=product&#038;p=1376880"},"modified":"2025-04-27T16:04:14","modified_gmt":"2025-04-27T14:04:14","slug":"clinect-copper-tripeptide-1-multi-peptide-odmladzajacy-krem-do-twarzy","status":"publish","type":"product","link":"https:\/\/clinect.pl\/index.php\/produkt\/clinect-copper-tripeptide-1-multi-peptide-odmladzajacy-krem-do-twarzy\/","title":{"rendered":"Odm\u0142adzaj\u0105cy Krem do Twarzy z Tripeptydem Miedzi-1 i Wielopeptydami"},"content":{"rendered":"<h4><strong>Odm\u0142adzaj\u0105cy Nawil\u017caj\u0105cy Tonik z Tripeptydem Miedzi-1 i Wielopeptydami<\/strong><\/h4>\n<p><strong>TWOJA SK\u00d3RA TRACI J\u0118DRNO\u015a\u0106 I BLASK? ODKRYJ SEKRET G\u0141\u0118BOKIEJ REGENERACJI<\/strong><br \/>\nCzas przywr\u00f3ci\u0107 sk\u00f3rze spr\u0119\u017cysto\u015b\u0107, nawil\u017cenie i m\u0142odzie\u0144czy blask.<br \/>\nClinect Odm\u0142adzaj\u0105cy Krem do Twarzy z Tripeptydem Miedzi-1 i<br \/>\nWielopeptydami to luksusowa piel\u0119gnacja, kt\u00f3ra dzia\u0142a jak profesjonalny<br \/>\nzabieg przeciwstarzeniowy \u2013 wyg\u0142adza, uj\u0119drnia i intensywnie od\u017cywia<br \/>\nsk\u00f3r\u0119 ka\u017cdego dnia.<br \/>\n<strong>EFEKT? NAWIL\u017bONA, J\u0118DRNA I M\u0141ODZIE\u0143CZO PROMIENNA SK\u00d3RA \u2013<\/strong><br \/>\n<strong>GOTOWA, BY ZACHWYCA\u0106 KA\u017bDEGO DNIA.<\/strong><\/p>\n<p><strong>KORZY\u015aCI<\/strong><\/p>\n<p><strong>MAKSYMALNE NAWIL\u017bENIE I REGENERACJA<\/strong><br \/>\nBogata formu\u0142a zatrzymuje wilgo\u0107 w sk\u00f3rze, zapewniaj\u0105c jej elastyczno\u015b\u0107 i d\u0142ugotrwa\u0142e<br \/>\nnawil\u017cenie. Dzi\u0119ki olejowi z nasion s\u0142onecznika, tokoferolowi i alantoinie sk\u00f3ra odzyskuje<br \/>\nmi\u0119kko\u015b\u0107, komfort i zdrowy wygl\u0105d.<\/p>\n<p><strong>PRZYWR\u00d3\u0106 SK\u00d3RZE J\u0118DRNO\u015a\u0106 I M\u0141ODZIE\u0143CZY WYGL\u0104D<\/strong><br \/>\nPo\u0142\u0105czenie Tripeptydu Miedzi-1 i Oligopeptydu-1 pobudza sk\u00f3r\u0119 do intensywnej regeneracji,<br \/>\npoprawiaj\u0105c jej elastyczno\u015b\u0107 i redukuj\u0105c drobne zmarszczki. Ka\u017cda aplikacja to krok w stron\u0119<br \/>\nj\u0119drniejszej, g\u0142adszej sk\u00f3ry.<\/p>\n<p><strong>LUKSUSOWA KONSYSTENCJA \u2013 EFEKT OTULENIA SK\u00d3RY<\/strong><br \/>\nAksamitna, g\u0119sta formu\u0142a doskonale si\u0119 rozprowadza, otulaj\u0105c sk\u00f3r\u0119 jedwabist\u0105 warstw\u0105<br \/>\nnawil\u017cenia bez uczucia t\u0142usto\u015bci czy ci\u0119\u017cko\u015bci. Szybko si\u0119 wch\u0142ania, pozostawiaj\u0105c sk\u00f3r\u0119<br \/>\nnapi\u0119t\u0105, nawil\u017con\u0105 i pe\u0142n\u0105 blasku.<\/p>\n<p><strong>G\u0141\u00d3WNE SK\u0141ADNIKI AKTYWNE<\/strong><\/p>\n<ul>\n<li>Tripeptyd Miedzi-1<\/li>\n<li>Karnozyna<\/li>\n<li>Oligopeptyd-1<\/li>\n<li>Tokoferol (Witamina E)<\/li>\n<li>Octan tokoferylu<\/li>\n<li>Olej z nasion s\u0142onecznika (Helianthus<\/li>\n<li>Annuus Seed Oil)<\/li>\n<li>Alantoina<\/li>\n<\/ul>\n","protected":false},"excerpt":{"rendered":"<p><strong>INCI:<\/strong><\/p>\n<p><strong>AQUA, GLYCERIN, BUTYLENE GLYCOL, PROPYLENE GLYCOL, THEOBROMA CACAO (COCOA) SEED BUTTER, SIMMONDSIA CHINENSIS (JOJOBA) SEED OIL, SIMMONDSIA CHINENSIS (JOJOBA) SEED OIL,HELIANTHUS ANNUUS (SUNFLOWER) SEED OIL, TOCOPHEROL, BIS-DIGLYCERYL POLYACYLADIPATE-2, GLYCERYL STEARATE, PEG-100 STEARATE, DIMETHICONE, CYCLOPENTASILOXANE, DIMETHICONE, POLYSILICONE-11, CETEARYL OLIVATE, SORBITAN OLIVATE, PENTYLENE GLYCOL, SODIUM POLYACRYLATE, TOCOPHERYL ACETATE, CETEARYL ALCOHOL, CAPRYLYL GLYCOL, ETHYLHEXYLGLYCERIN, ARGININE, PHYTIC ACID, SILVER OXIDE, ALLANTOIN, ROSA DAMASCENA FLOWER OIL, SODIUM HYALURONATE, PELARGONIUM GRAVEOLENS OIL, COPPER TRIPEPTIDE-1, BUTYLENE GLYCOL, AQUA, CARNOSINE, OLIGOPEPTIDE-1, PROPYLENE GLYCOL.<\/strong><\/p>\n","protected":false},"featured_media":1377180,"comment_status":"open","ping_status":"closed","template":"","meta":{"_et_pb_use_builder":"","_et_pb_old_content":"","_et_gb_content_width":""},"product_cat":[15],"product_tag":[],"class_list":{"0":"post-1376880","1":"product","2":"type-product","3":"status-publish","4":"has-post-thumbnail","6":"product_cat-bez-kategorii","8":"first","9":"instock","10":"shipping-taxable","11":"purchasable","12":"product-type-simple"},"_links":{"self":[{"href":"https:\/\/clinect.pl\/index.php\/wp-json\/wp\/v2\/product\/1376880","targetHints":{"allow":["GET"]}}],"collection":[{"href":"https:\/\/clinect.pl\/index.php\/wp-json\/wp\/v2\/product"}],"about":[{"href":"https:\/\/clinect.pl\/index.php\/wp-json\/wp\/v2\/types\/product"}],"replies":[{"embeddable":true,"href":"https:\/\/clinect.pl\/index.php\/wp-json\/wp\/v2\/comments?post=1376880"}],"wp:featuredmedia":[{"embeddable":true,"href":"https:\/\/clinect.pl\/index.php\/wp-json\/wp\/v2\/media\/1377180"}],"wp:attachment":[{"href":"https:\/\/clinect.pl\/index.php\/wp-json\/wp\/v2\/media?parent=1376880"}],"wp:term":[{"taxonomy":"product_cat","embeddable":true,"href":"https:\/\/clinect.pl\/index.php\/wp-json\/wp\/v2\/product_cat?post=1376880"},{"taxonomy":"product_tag","embeddable":true,"href":"https:\/\/clinect.pl\/index.php\/wp-json\/wp\/v2\/product_tag?post=1376880"}],"curies":[{"name":"wp","href":"https:\/\/api.w.org\/{rel}","templated":true}]}}