{"id":1376892,"date":"2023-11-02T10:18:14","date_gmt":"2023-11-02T09:18:14","guid":{"rendered":"https:\/\/clinect.pl\/?post_type=product&#038;p=1376892"},"modified":"2025-04-27T16:12:00","modified_gmt":"2025-04-27T14:12:00","slug":"maseczka-w-plachcie-clinect-copper-tripeptide-1-multi-peptide","status":"publish","type":"product","link":"https:\/\/clinect.pl\/index.php\/produkt\/maseczka-w-plachcie-clinect-copper-tripeptide-1-multi-peptide\/","title":{"rendered":"Odm\u0142adzaj\u0105ca Maska z Tripeptydem Miedzi-1 i Wielopeptydami"},"content":{"rendered":"<h4><strong>Odm\u0142adzaj\u0105ca Maska z Tripeptydem Miedzi-1 i Wielopeptydami<\/strong><\/h4>\n<p><strong>MARZYSZ O J\u0118DRNEJ, PROMIENNEJ SK\u00d3RZE? ODKRYJ SEKRET<\/strong><br \/>\n<strong>INTENSYWNEJ ODNOWY<\/strong><br \/>\nGdy cera potrzebuje czego\u015b wi\u0119cej ni\u017c zwyk\u0142ego nawil\u017cenia, czas si\u0119gn\u0105\u0107<br \/>\npo piel\u0119gnacj\u0119, kt\u00f3ra dzia\u0142a jak intensywny lifting. Clinect Odm\u0142adzaj\u0105ca<br \/>\nMaska z Tripeptydem Miedzi-1 i Wielopeptydami to natychmiastowa<br \/>\nregeneracja, poprawa elastyczno\u015bci i g\u0142\u0119bokie od\u017cywienie \u2013 zamkni\u0119te w<br \/>\ninnowacyjnej formule biocelulozowej maski.<br \/>\n<strong>EFEKT? SK\u00d3RA NAPI\u0118TA, ROZ\u015aWIETLONA I PE\u0141NA \u017bYCIA \u2013 TAK, JAK PO<\/strong><br \/>\n<strong>PROFESJONALNYM ZABIEGU ODM\u0141ADZAJ\u0104CYM.<\/strong><\/p>\n<p><strong>KORZY\u015aCI<\/strong><\/p>\n<p><strong>EFEKT LIFTINGU I PERFEKCYJNA ELASTYCZNO\u015a\u0106 SK\u00d3RY<\/strong><br \/>\nDzi\u0119ki po\u0142\u0105czeniu Tripeptydu Miedzi-1, Oligopeptydu-1 i Hydrolizowanego Kolagenu sk\u00f3ra<br \/>\nodzyskuje spr\u0119\u017cysto\u015b\u0107, a kontury twarzy staj\u0105 si\u0119 bardziej wyraziste. Maska wzmacnia struktur\u0119<br \/>\nsk\u00f3ry, nadaj\u0105c jej j\u0119drno\u015b\u0107 i zdrowy wygl\u0105d.<\/p>\n<p><strong>PRZECIWZMARSZCZKOWA MOC REGENERACJI<\/strong><br \/>\nDrobne linie i zmarszczki staj\u0105 si\u0119 mniej widoczne, a sk\u00f3ra wygl\u0105da na \u015bwie\u017c\u0105 i wypocz\u0119t\u0105. Octan<br \/>\nTokoferylu i Ceramid NP chroni\u0105 przed wolnymi rodnikami, wyg\u0142adzaj\u0105 i intensywnie nawil\u017caj\u0105,<br \/>\ndzi\u0119ki czemu cera odzyskuje promienno\u015b\u0107.<\/p>\n<p><strong>LUKSUSOWE DOPASOWANIE DLA MAKSYMALNEJ SKUTECZNO\u015aCI<\/strong><br \/>\nWykonana z najwy\u017cszej jako\u015bci biocelulozy, maska dzia\u0142a jak druga sk\u00f3ra \u2013 idealnie przylega do<br \/>\ntwarzy, zapewniaj\u0105c maksymalne wch\u0142anianie sk\u0142adnik\u00f3w aktywnych. Nie zsuwa si\u0119, nie wysycha,<br \/>\na jej struktura pozwala na g\u0142\u0119bsz\u0105 penetracj\u0119 cennych substancji od\u017cywczych.<\/p>\n<p><strong>DLA KOGO?<\/strong><br \/>\nDla ka\u017cdego, kto pragnie efektu natychmiastowego liftingu i rewitalizacji. Idealna jako<br \/>\ncotygodniowa kuracja uj\u0119drniaj\u0105ca lub ekspresowy zabieg regeneracyjny przed wa\u017cnym wyj\u015bciem.<\/p>\n<p><strong>G\u0141\u00d3WNE SK\u0141ADNIKI AKTYWNE<\/strong><\/p>\n<ul>\n<li>Tripeptyd Miedzi-1<\/li>\n<li>Karnozyna<\/li>\n<li>Oligopeptyd-1<\/li>\n<li>Hydrolizowany kolagen<\/li>\n<li>Octan tokoferylu (Witamina E)<\/li>\n<li>Tokoferol<\/li>\n<li>Ceramid NP<\/li>\n<\/ul>\n","protected":false},"excerpt":{"rendered":"<p>Odm\u0142adzaj\u0105ca Maska z Tripeptydem Miedzi-1 i Wielopeptydami MARZYSZ O J\u0118DRNEJ, PROMIENNEJ SK\u00d3RZE? ODKRYJ SEKRET INTENSYWNEJ ODNOWY Gdy cera potrzebuje czego\u015b wi\u0119cej ni\u017c zwyk\u0142ego nawil\u017cenia, czas si\u0119gn\u0105\u0107 po piel\u0119gnacj\u0119, kt\u00f3ra dzia\u0142a jak intensywny lifting. Clinect Odm\u0142adzaj\u0105ca Maska z Tripeptydem Miedzi-1 i Wielopeptydami to natychmiastowa regeneracja, poprawa elastyczno\u015bci i g\u0142\u0119bokie od\u017cywienie \u2013 zamkni\u0119te w innowacyjnej formule biocelulozowej [&hellip;]<\/p>\n","protected":false},"featured_media":1377185,"comment_status":"open","ping_status":"closed","template":"","meta":{"_et_pb_use_builder":"","_et_pb_old_content":"","_et_gb_content_width":""},"product_cat":[15],"product_tag":[],"class_list":{"0":"post-1376892","1":"product","2":"type-product","3":"status-publish","4":"has-post-thumbnail","6":"product_cat-bez-kategorii","8":"first","9":"instock","10":"shipping-taxable","11":"purchasable","12":"product-type-simple"},"_links":{"self":[{"href":"https:\/\/clinect.pl\/index.php\/wp-json\/wp\/v2\/product\/1376892","targetHints":{"allow":["GET"]}}],"collection":[{"href":"https:\/\/clinect.pl\/index.php\/wp-json\/wp\/v2\/product"}],"about":[{"href":"https:\/\/clinect.pl\/index.php\/wp-json\/wp\/v2\/types\/product"}],"replies":[{"embeddable":true,"href":"https:\/\/clinect.pl\/index.php\/wp-json\/wp\/v2\/comments?post=1376892"}],"wp:featuredmedia":[{"embeddable":true,"href":"https:\/\/clinect.pl\/index.php\/wp-json\/wp\/v2\/media\/1377185"}],"wp:attachment":[{"href":"https:\/\/clinect.pl\/index.php\/wp-json\/wp\/v2\/media?parent=1376892"}],"wp:term":[{"taxonomy":"product_cat","embeddable":true,"href":"https:\/\/clinect.pl\/index.php\/wp-json\/wp\/v2\/product_cat?post=1376892"},{"taxonomy":"product_tag","embeddable":true,"href":"https:\/\/clinect.pl\/index.php\/wp-json\/wp\/v2\/product_tag?post=1376892"}],"curies":[{"name":"wp","href":"https:\/\/api.w.org\/{rel}","templated":true}]}}