{"id":1376927,"date":"2023-11-02T17:46:01","date_gmt":"2023-11-02T16:46:01","guid":{"rendered":"https:\/\/clinect.pl\/?post_type=product&#038;p=1376927"},"modified":"2025-04-27T15:46:58","modified_gmt":"2025-04-27T13:46:58","slug":"clinect-oligopeptide-salmon-roe-extract-nawilzajaca-esencja-rozswietlajaca","status":"publish","type":"product","link":"https:\/\/clinect.pl\/index.php\/produkt\/clinect-oligopeptide-salmon-roe-extract-nawilzajaca-esencja-rozswietlajaca\/","title":{"rendered":"Nawil\u017caj\u0105ca Promienna Esencja z Oligopeptydami i Ekstraktem z Ikry \u0141ososia"},"content":{"rendered":"<h4><strong>Nawil\u017caj\u0105ca Promienna Esencja z Oligopeptydami i Ekstraktem z Ikry \u0141ososia<\/strong><\/h4>\n<p><strong>MOC JEDNEJ BUTELKI \u2013 EFEKT JAK PO CZTERECH MASKACH<\/strong><br \/>\nTwoja sk\u00f3ra zas\u0142uguje na co\u015b wi\u0119cej ni\u017c zwyk\u0142\u0105 piel\u0119gnacj\u0119 \u2013<br \/>\npotrzebuje intensywnej regeneracji i g\u0142\u0119bokiego nawil\u017cenia, kt\u00f3re<br \/>\nprzywr\u00f3ci jej blask i zdrowy wygl\u0105d. Clinect Nawil\u017caj\u0105ca Promienna<br \/>\nEsencja z Oligopeptydami i Ekstraktem z Ikry \u0141ososia to<br \/>\nskoncentrowana terapia dla sk\u00f3ry, kt\u00f3ra natychmiast poprawia jej<br \/>\nkondycj\u0119 i nadaje jej m\u0142odzie\u0144cz\u0105 \u015bwie\u017co\u015b\u0107.<br \/>\n<strong>EFEKT? SK\u00d3RA WYPE\u0141NIONA NAWIL\u017bENIEM, G\u0141ADKA, PROMIENNA <\/strong><strong>I PE\u0141NA \u017bYCIA.<\/strong><\/p>\n<p><strong>KORZY\u015aCI<br \/>\n<\/strong>Dzi\u0119ki zaawansowanej formule esencja dostarcza sk\u00f3rze intensywnej dawki sk\u0142adnik\u00f3w od\u017cywczych,<br \/>\nodpowiadaj\u0105cej efektowi czterech luksusowych masek do twarzy.<br \/>\n&#8211; Oligopeptyd-1 oraz Ekstrakt z Ikry \u0141ososia wspieraj\u0105 regeneracj\u0119 sk\u00f3ry i poprawiaj\u0105 jej<br \/>\nelastyczno\u015b\u0107.<br \/>\n&#8211; Kwas Traneksamowy dzia\u0142a rozja\u015bniaj\u0105co, wyr\u00f3wnuj\u0105c koloryt i redukuj\u0105c przebarwienia.<br \/>\n&#8211; Ekstrakt z Kwiat\u00f3w Gorzka Pomara\u0144cza rewitalizuje sk\u00f3r\u0119, przywracaj\u0105c jej promienny wygl\u0105d.<\/p>\n<p><strong>NAJWY\u017bSZA SKUTECZNO\u015a\u0106 DZI\u0118KI TECHNOLOGII \u015aWIE\u017bYCH SK\u0141ADNIK\u00d3W<\/strong><br \/>\nDzi\u0119ki innowacyjnemu systemowi przechowywania esencja regeneruj\u0105ca i liofilizowany proszek s\u0105<br \/>\nprzechowywane w osobnych komorach, co gwarantuje maksymaln\u0105 \u015bwie\u017co\u015b\u0107 i aktywno\u015b\u0107 sk\u0142adnik\u00f3w.<br \/>\nPo po\u0142\u0105czeniu sk\u0142adniki aktywne tworz\u0105 lekk\u0105, p\u0142ynn\u0105 formu\u0142\u0119, kt\u00f3ra natychmiast przenika w g\u0142\u0105b sk\u00f3ry,<br \/>\ndostarczaj\u0105c jej niezb\u0119dnych substancji od\u017cywczych.<\/p>\n<p><strong>DLA KOGO?<\/strong><br \/>\nIdealna do regularnej intensywnej piel\u0119gnacji, ale tak\u017ce jako ratunek dla sk\u00f3ry wymagaj\u0105cej<br \/>\nnatychmiastowej regeneracji. Doskonale sprawdza si\u0119 w walce z sucho\u015bci\u0105, szorstko\u015bci\u0105,<br \/>\npodra\u017cnieniami oraz utrat\u0105 elastyczno\u015bci.<\/p>\n<p><strong>G\u0141\u00d3WNE SK\u0141ADNIKI AKTYWNE<\/strong><\/p>\n<ul>\n<li>Oligopeptyd-1<\/li>\n<li>Ekstrakt z jaj \u0142ososia<\/li>\n<li>Filtrat z hodowli kalusa Crithmum Maritimum<\/li>\n<li>Kwas traneksamowy<\/li>\n<li>Ekstrakt z kwiat\u00f3w Citrus Aurantium Amara (gorzka<br \/>\npomara\u0144cza)<\/li>\n<li>Ceramid Np<\/li>\n<li>Hialuronian sodu<\/li>\n<\/ul>\n","protected":false},"excerpt":{"rendered":"<p>Nawil\u017caj\u0105ca Promienna Esencja z Oligopeptydami i Ekstraktem z Ikry \u0141ososia MOC JEDNEJ BUTELKI \u2013 EFEKT JAK PO CZTERECH MASKACH Twoja sk\u00f3ra zas\u0142uguje na co\u015b wi\u0119cej ni\u017c zwyk\u0142\u0105 piel\u0119gnacj\u0119 \u2013 potrzebuje intensywnej regeneracji i g\u0142\u0119bokiego nawil\u017cenia, kt\u00f3re przywr\u00f3ci jej blask i zdrowy wygl\u0105d. Clinect Nawil\u017caj\u0105ca Promienna Esencja z Oligopeptydami i Ekstraktem z Ikry \u0141ososia to skoncentrowana [&hellip;]<\/p>\n","protected":false},"featured_media":1377200,"comment_status":"open","ping_status":"closed","template":"","meta":{"_et_pb_use_builder":"","_et_pb_old_content":"","_et_gb_content_width":""},"product_cat":[15],"product_tag":[],"class_list":{"0":"post-1376927","1":"product","2":"type-product","3":"status-publish","4":"has-post-thumbnail","6":"product_cat-bez-kategorii","8":"first","9":"instock","10":"shipping-taxable","11":"purchasable","12":"product-type-simple"},"_links":{"self":[{"href":"https:\/\/clinect.pl\/index.php\/wp-json\/wp\/v2\/product\/1376927","targetHints":{"allow":["GET"]}}],"collection":[{"href":"https:\/\/clinect.pl\/index.php\/wp-json\/wp\/v2\/product"}],"about":[{"href":"https:\/\/clinect.pl\/index.php\/wp-json\/wp\/v2\/types\/product"}],"replies":[{"embeddable":true,"href":"https:\/\/clinect.pl\/index.php\/wp-json\/wp\/v2\/comments?post=1376927"}],"wp:featuredmedia":[{"embeddable":true,"href":"https:\/\/clinect.pl\/index.php\/wp-json\/wp\/v2\/media\/1377200"}],"wp:attachment":[{"href":"https:\/\/clinect.pl\/index.php\/wp-json\/wp\/v2\/media?parent=1376927"}],"wp:term":[{"taxonomy":"product_cat","embeddable":true,"href":"https:\/\/clinect.pl\/index.php\/wp-json\/wp\/v2\/product_cat?post=1376927"},{"taxonomy":"product_tag","embeddable":true,"href":"https:\/\/clinect.pl\/index.php\/wp-json\/wp\/v2\/product_tag?post=1376927"}],"curies":[{"name":"wp","href":"https:\/\/api.w.org\/{rel}","templated":true}]}}