{"id":1376995,"date":"2023-11-27T11:46:15","date_gmt":"2023-11-27T10:46:15","guid":{"rendered":"https:\/\/clinect.pl\/?post_type=product&#038;p=1376995"},"modified":"2025-04-24T20:03:25","modified_gmt":"2025-04-24T18:03:25","slug":"nawilzajacy-zel-rumiankowy-z-oligopeptydami-i-ekstraktem-z-ikry-lososia","status":"publish","type":"product","link":"https:\/\/clinect.pl\/index.php\/produkt\/nawilzajacy-zel-rumiankowy-z-oligopeptydami-i-ekstraktem-z-ikry-lososia\/","title":{"rendered":"Nawil\u017caj\u0105cy \u017bel z Ekstraktem z Rumianku, Oligopeptydami i Ikry \u0141ososia"},"content":{"rendered":"<h4><strong>Nawil\u017caj\u0105cy \u017bel z Ekstraktem z Rumianku, Oligopeptydami i Ikry \u0141ososia<\/strong><\/h4>\n<p><strong><br \/>\nNATYCHMIASTOWE UKOJENIE I REDUKCJA ZACZERWIENIE\u0143<\/strong><br \/>\nDzi\u0119ki wyj\u0105tkowym w\u0142a\u015bciwo\u015bciom ekstraktu z rumianku i ekstraktu z kory wierzby \u017cel b\u0142yskawicznie<br \/>\nredukuje uczucie ciep\u0142a, zaczerwienienia i dyskomfortu. Jest idealnym rozwi\u0105zaniem dla sk\u00f3ry<br \/>\nwra\u017cliwej, podra\u017cnionej s\u0142o\u0144cem lub nara\u017conej na czynniki \u015brodowiskowe.<\/p>\n<p><strong>INTENSYWNE NAWIL\u017bENIE I ZATRZYMANIE WILGOCI<\/strong><br \/>\nZaawansowana formu\u0142a z hialuronianem sodu i ekstraktem z owsa dog\u0142\u0119bnie nawil\u017ca sk\u00f3r\u0119,<br \/>\nodbudowuje jej naturaln\u0105 warstw\u0119 ochronn\u0105 i zapewnia d\u0142ugotrwa\u0142e uczucie od\u017cywienia. Sk\u00f3ra staje<br \/>\nsi\u0119 bardziej elastyczna, mi\u0119kka i promienna.<\/p>\n<p><strong>REGENERACJA I ODBUDOWA<\/strong><br \/>\nOligopeptyd-1 i Ekstrakt z Ikry \u0141ososia aktywnie wspieraj\u0105 procesy regeneracyjne sk\u00f3ry, pomagaj\u0105c<br \/>\njej odzyska\u0107 zdrowy, promienny wygl\u0105d. Po ekspozycji na s\u0142o\u0144ce, podra\u017cnieniach czy stresie<br \/>\n\u015brodowiskowym \u2013 ten \u017cel dzia\u0142a jak ch\u0142odz\u0105cy kompres, kt\u00f3ry przywraca sk\u00f3rze r\u00f3wnowag\u0119.<\/p>\n<p><strong>G\u0141\u00d3WNE SK\u0141ADNIKI AKTYWNE<\/strong><\/p>\n<ul>\n<li>Oligopeptyd-1<\/li>\n<li>Ekstrakt z jaj \u0142ososia<\/li>\n<li>Filtrat z hodowli kalusa Crithmum Maritimum<\/li>\n<li>Kwas traneksamowy<\/li>\n<li>Ekstrakt z kory Salix Alba (wierzba)<\/li>\n<li>Ekstrakt z kwiat\u00f3w Chamomilla Recutita (matricaria)<\/li>\n<li>Ekstrakt z ziaren owsa Avena Sativa (owies)<\/li>\n<\/ul>\n","protected":false},"excerpt":{"rendered":"<p>Nawil\u017caj\u0105cy \u017bel z Ekstraktem z Rumianku, Oligopeptydami i Ikry \u0141ososia NATYCHMIASTOWE UKOJENIE I REDUKCJA ZACZERWIENIE\u0143 Dzi\u0119ki wyj\u0105tkowym w\u0142a\u015bciwo\u015bciom ekstraktu z rumianku i ekstraktu z kory wierzby \u017cel b\u0142yskawicznie redukuje uczucie ciep\u0142a, zaczerwienienia i dyskomfortu. Jest idealnym rozwi\u0105zaniem dla sk\u00f3ry wra\u017cliwej, podra\u017cnionej s\u0142o\u0144cem lub nara\u017conej na czynniki \u015brodowiskowe. INTENSYWNE NAWIL\u017bENIE I ZATRZYMANIE WILGOCI Zaawansowana formu\u0142a z [&hellip;]<\/p>\n","protected":false},"featured_media":1377109,"comment_status":"open","ping_status":"closed","template":"","meta":{"_et_pb_use_builder":"on","_et_pb_old_content":"<h4><strong>Nawil\u017caj\u0105cy \u017bel z Ekstraktem z Rumianku, Oligopeptydami i Ikry \u0141ososia<\/strong><\/h4>\r\n<strong>\r\nNATYCHMIASTOWE UKOJENIE I REDUKCJA ZACZERWIENIE\u0143<\/strong>\r\nDzi\u0119ki wyj\u0105tkowym w\u0142a\u015bciwo\u015bciom ekstraktu z rumianku i ekstraktu z kory wierzby \u017cel b\u0142yskawicznie\r\nredukuje uczucie ciep\u0142a, zaczerwienienia i dyskomfortu. Jest idealnym rozwi\u0105zaniem dla sk\u00f3ry\r\nwra\u017cliwej, podra\u017cnionej s\u0142o\u0144cem lub nara\u017conej na czynniki \u015brodowiskowe.\r\n\r\n<strong>INTENSYWNE NAWIL\u017bENIE I ZATRZYMANIE WILGOCI<\/strong>\r\nZaawansowana formu\u0142a z hialuronianem sodu i ekstraktem z owsa dog\u0142\u0119bnie nawil\u017ca sk\u00f3r\u0119,\r\nodbudowuje jej naturaln\u0105 warstw\u0119 ochronn\u0105 i zapewnia d\u0142ugotrwa\u0142e uczucie od\u017cywienia. Sk\u00f3ra staje\r\nsi\u0119 bardziej elastyczna, mi\u0119kka i promienna.\r\n\r\n<strong>REGENERACJA I ODBUDOWA<\/strong>\r\nOligopeptyd-1 i Ekstrakt z Ikry \u0141ososia aktywnie wspieraj\u0105 procesy regeneracyjne sk\u00f3ry, pomagaj\u0105c\r\njej odzyska\u0107 zdrowy, promienny wygl\u0105d. Po ekspozycji na s\u0142o\u0144ce, podra\u017cnieniach czy stresie\r\n\u015brodowiskowym \u2013 ten \u017cel dzia\u0142a jak ch\u0142odz\u0105cy kompres, kt\u00f3ry przywraca sk\u00f3rze r\u00f3wnowag\u0119.\r\n\r\n<strong>G\u0141\u00d3WNE SK\u0141ADNIKI AKTYWNE<\/strong>\r\n<ul>\r\n \t<li>Oligopeptyd-1<\/li>\r\n \t<li>Ekstrakt z jaj \u0142ososia<\/li>\r\n \t<li>Filtrat z hodowli kalusa Crithmum Maritimum<\/li>\r\n \t<li>Kwas traneksamowy<\/li>\r\n \t<li>Ekstrakt z kory Salix Alba (wierzba)<\/li>\r\n \t<li>Ekstrakt z kwiat\u00f3w Chamomilla Recutita (matricaria)<\/li>\r\n \t<li>Ekstrakt z ziaren owsa Avena Sativa (owies)<\/li>\r\n<\/ul>","_et_gb_content_width":""},"product_cat":[15],"product_tag":[],"class_list":{"0":"post-1376995","1":"product","2":"type-product","3":"status-publish","4":"has-post-thumbnail","6":"product_cat-bez-kategorii","8":"first","9":"instock","10":"shipping-taxable","11":"purchasable","12":"product-type-simple"},"_links":{"self":[{"href":"https:\/\/clinect.pl\/index.php\/wp-json\/wp\/v2\/product\/1376995","targetHints":{"allow":["GET"]}}],"collection":[{"href":"https:\/\/clinect.pl\/index.php\/wp-json\/wp\/v2\/product"}],"about":[{"href":"https:\/\/clinect.pl\/index.php\/wp-json\/wp\/v2\/types\/product"}],"replies":[{"embeddable":true,"href":"https:\/\/clinect.pl\/index.php\/wp-json\/wp\/v2\/comments?post=1376995"}],"wp:featuredmedia":[{"embeddable":true,"href":"https:\/\/clinect.pl\/index.php\/wp-json\/wp\/v2\/media\/1377109"}],"wp:attachment":[{"href":"https:\/\/clinect.pl\/index.php\/wp-json\/wp\/v2\/media?parent=1376995"}],"wp:term":[{"taxonomy":"product_cat","embeddable":true,"href":"https:\/\/clinect.pl\/index.php\/wp-json\/wp\/v2\/product_cat?post=1376995"},{"taxonomy":"product_tag","embeddable":true,"href":"https:\/\/clinect.pl\/index.php\/wp-json\/wp\/v2\/product_tag?post=1376995"}],"curies":[{"name":"wp","href":"https:\/\/api.w.org\/{rel}","templated":true}]}}