{"id":1377215,"date":"2024-01-25T14:03:42","date_gmt":"2024-01-25T13:03:42","guid":{"rendered":"https:\/\/clinect.pl\/?post_type=product&#038;p=1377215"},"modified":"2025-04-25T19:02:09","modified_gmt":"2025-04-25T17:02:09","slug":"clinect-oligopeptide-salmon-roe-extract-nawilzajaca-esencja-rozswietlajaca-2","status":"publish","type":"product","link":"https:\/\/clinect.pl\/index.php\/produkt\/clinect-oligopeptide-salmon-roe-extract-nawilzajaca-esencja-rozswietlajaca-2\/","title":{"rendered":"Nawil\u017caj\u0105ca Roz\u015bwietlaj\u0105ca Esencja z Ikry \u0141ososia"},"content":{"rendered":"<h4><\/h4>\n<h4><strong>Nawil\u017caj\u0105ca Roz\u015bwietlaj\u0105ca Esencja z Ikry \u0141ososia<\/strong><\/h4>\n<p>Czy Twoja sk\u00f3ra wygl\u0105da na zm\u0119czon\u0105, pozbawion\u0105 blasku i potrzebuje<br \/>\nnatychmiastowego nawil\u017cenia? Clinect Nawil\u017caj\u0105ca Roz\u015bwietlaj\u0105ca Esencja z Ikry<br \/>\n\u0141ososia to klucz do g\u0142\u0119bokiej regeneracji i jedwabistego wyg\u0142adzenia, kt\u00f3re poczujesz<br \/>\nju\u017c po pierwszym u\u017cyciu.<\/p>\n<p>&nbsp;<\/p>\n<p><strong>INTENSYWNE NAWIL\u017bENIE I ZATRZYMANIE WILGOCI<\/strong><br \/>\nZaawansowana formu\u0142a z ma\u0142ocz\u0105steczkowym hialuronianem sodu dzia\u0142a jak g\u0105bka,<br \/>\nb\u0142yskawicznie przenikaj\u0105c w g\u0142\u0105b sk\u00f3ry i wype\u0142niaj\u0105c j\u0105 wilgoci\u0105 od wewn\u0105trz. Efekt?<br \/>\nSk\u00f3ra staje si\u0119 elastyczna, mi\u0119kka i promienna przez ca\u0142y dzie\u0144.<\/p>\n<p><strong>REGENERACJA I ODBUDOWA<\/strong><br \/>\nPo\u0142\u0105czenie Oligopeptydu-1, Ekstraktu z Ikry \u0141ososia oraz Kwasu Traneksamowego to<br \/>\nprawdziwa terapia odnowy sk\u00f3ry. Esencja stymuluje regeneracj\u0119 kom\u00f3rek, wyg\u0142adza<br \/>\ndrobne linie i poprawia struktur\u0119 cery, nadaj\u0105c jej zdrowy, m\u0142odzie\u0144czy wygl\u0105d.<\/p>\n<p><strong>G\u0141\u00d3WNE SK\u0141ADNIKI AKTYWNE<\/strong><\/p>\n<ul>\n<li>Oligopeptyd-1<\/li>\n<li>Ekstrakt z ikry \u0142ososia<\/li>\n<li>Filtrat z hodowli kalusa Crithmum Maritimum<\/li>\n<li>Kwas traneksamowy<\/li>\n<li>3% opatentowany Leucidal\u00aeLactobacillus<\/li>\n<li>Ekstrakt z kory Salix Alba (wierzba)<\/li>\n<li>Ceramid Np<\/li>\n<li>Hialuronian sodu<\/li>\n<\/ul>\n<p><strong>EFEKT?<\/strong><br \/>\n<strong>G\u0141ADKA, PROMIENNA I NAWIL\u017bONA SK\u00d3RA KA\u017bDEGO DNIA<\/strong><\/p>\n<p>Dzi\u0119ki opatentowanemu Leucidal\u00aeLactobacillus oraz<br \/>\nekstraktowi z kory wierzby esencja wspomaga naturaln\u0105<br \/>\nbarier\u0119 ochronn\u0105 sk\u00f3ry, \u0142agodzi podra\u017cnienia i wyr\u00f3wnuje<br \/>\nkoloryt, sprawiaj\u0105c, \u017ce cera staje si\u0119 bardziej odporna na<br \/>\ndzia\u0142anie czynnik\u00f3w zewn\u0119trznych.<br \/>\nBez t\u0142ustej warstwy, bez obci\u0105\u017cania \u2013 tylko czysta moc<br \/>\nnawil\u017cenia i od\u017cywienia. Esencja idealnie wch\u0142ania si\u0119 w sk\u00f3r\u0119,<br \/>\ndostarczaj\u0105c jej wszystkiego, czego potrzebuje do codziennej<br \/>\nregeneracji. Doskona\u0142a jako baza pod makija\u017c, sprawia, \u017ce<br \/>\nsk\u00f3ra wygl\u0105da nieskazitelnie o ka\u017cdej porze dnia.<\/p>\n","protected":false},"excerpt":{"rendered":"<p>Nawil\u017caj\u0105ca Roz\u015bwietlaj\u0105ca Esencja z Ikry \u0141ososia Czy Twoja sk\u00f3ra wygl\u0105da na zm\u0119czon\u0105, pozbawion\u0105 blasku i potrzebuje natychmiastowego nawil\u017cenia? Clinect Nawil\u017caj\u0105ca Roz\u015bwietlaj\u0105ca Esencja z Ikry \u0141ososia to klucz do g\u0142\u0119bokiej regeneracji i jedwabistego wyg\u0142adzenia, kt\u00f3re poczujesz ju\u017c po pierwszym u\u017cyciu. &nbsp; INTENSYWNE NAWIL\u017bENIE I ZATRZYMANIE WILGOCI Zaawansowana formu\u0142a z ma\u0142ocz\u0105steczkowym hialuronianem sodu dzia\u0142a jak g\u0105bka, b\u0142yskawicznie [&hellip;]<\/p>\n","protected":false},"featured_media":1377202,"comment_status":"open","ping_status":"closed","template":"","meta":{"_et_pb_use_builder":"","_et_pb_old_content":"","_et_gb_content_width":""},"product_cat":[15],"product_tag":[],"class_list":{"0":"post-1377215","1":"product","2":"type-product","3":"status-publish","4":"has-post-thumbnail","6":"product_cat-bez-kategorii","8":"first","9":"instock","10":"shipping-taxable","11":"purchasable","12":"product-type-simple"},"_links":{"self":[{"href":"https:\/\/clinect.pl\/index.php\/wp-json\/wp\/v2\/product\/1377215","targetHints":{"allow":["GET"]}}],"collection":[{"href":"https:\/\/clinect.pl\/index.php\/wp-json\/wp\/v2\/product"}],"about":[{"href":"https:\/\/clinect.pl\/index.php\/wp-json\/wp\/v2\/types\/product"}],"replies":[{"embeddable":true,"href":"https:\/\/clinect.pl\/index.php\/wp-json\/wp\/v2\/comments?post=1377215"}],"wp:featuredmedia":[{"embeddable":true,"href":"https:\/\/clinect.pl\/index.php\/wp-json\/wp\/v2\/media\/1377202"}],"wp:attachment":[{"href":"https:\/\/clinect.pl\/index.php\/wp-json\/wp\/v2\/media?parent=1377215"}],"wp:term":[{"taxonomy":"product_cat","embeddable":true,"href":"https:\/\/clinect.pl\/index.php\/wp-json\/wp\/v2\/product_cat?post=1377215"},{"taxonomy":"product_tag","embeddable":true,"href":"https:\/\/clinect.pl\/index.php\/wp-json\/wp\/v2\/product_tag?post=1377215"}],"curies":[{"name":"wp","href":"https:\/\/api.w.org\/{rel}","templated":true}]}}