{"id":1377219,"date":"2024-01-25T14:19:29","date_gmt":"2024-01-25T13:19:29","guid":{"rendered":"https:\/\/clinect.pl\/?post_type=product&#038;p=1377219"},"modified":"2025-04-27T15:39:01","modified_gmt":"2025-04-27T13:39:01","slug":"nawilzajaca-niewidzialna-maska-z-oligopeptydami-i-ekstraktem-z-ikry-lososia","status":"publish","type":"product","link":"https:\/\/clinect.pl\/index.php\/produkt\/nawilzajaca-niewidzialna-maska-z-oligopeptydami-i-ekstraktem-z-ikry-lososia\/","title":{"rendered":"Nawil\u017caj\u0105ca Niewidzialna Maska z Oligopeptydami i Ekstraktem z Ikry \u0141ososia"},"content":{"rendered":"<h4><strong>Nawil\u017caj\u0105ca Niewidzialna Maska z Oligopeptydami i Ekstraktem z Ikry \u0141ososia<\/strong><\/h4>\n<p>&nbsp;<\/p>\n<p><strong>MASZ PRZED SOB\u0104 D\u0141UGI DZIE\u0143? A MO\u017bE KOLEJNA NIEPRZESPANA NOC? TWOJA SK\u00d3RA NIE MUSI TEGO ZDRADZA\u0106<\/strong><\/p>\n<p>Ju\u017c po pierwszym u\u017cyciu poczujesz, jak Twoja cera staje si\u0119 bardziej j\u0119drna, promienna i idealnie nawil\u017cona. Idealna dla sk\u00f3ry suchej,<br \/>\nwra\u017cliwej i zm\u0119czonej \u2013 doskonale sprawdzi si\u0119 po d\u0142ugim dniu, w trakcie podr\u00f3\u017cy czy podczas intensywnego trybu \u017cycia.<br \/>\nClinect Nawil\u017caj\u0105ca Niewidzialna Maska to Tw\u00f3j sekret pi\u0119knej sk\u00f3ry \u2013 gdziekolwiek jeste\u015b i o ka\u017cdej porze.<\/p>\n<p><strong>EFEKT JAK PO LUKSUSOWYM ZABIEGU \u2013 W ZACISZU W\u0141ASNEGO DOMU.\u00a0<\/strong><\/p>\n<p><strong>KORZY\u015aCI<\/strong><\/p>\n<p>Clinect Nawil\u017caj\u0105ca Niewidzialna Maska z Oligopeptydami i Ekstraktem z Ikry<br \/>\n\u0141ososia to ekspresowa terapia, kt\u00f3ra przywr\u00f3ci Twojej cerze nawil\u017cenie, blask i<br \/>\nelastyczno\u015b\u0107 \u2013 w ka\u017cdej sytuacji.<\/p>\n<p><strong>INTENSYWNE NAWIL\u017bENIE I REGENERACJA<\/strong><br \/>\nDzi\u0119ki po\u0142\u0105czeniu Ceramidu NP i Hialuronianu Sodu sk\u00f3ra natychmiast<br \/>\nodzyskuje swoj\u0105 spr\u0119\u017cysto\u015b\u0107 i g\u0142adko\u015b\u0107. Ekstrakt z Ikry \u0141ososia koi<br \/>\npodra\u017cnienia i wzmacnia barier\u0119 ochronn\u0105, sprawiaj\u0105c, \u017ce cera jest<br \/>\nodporniejsza na stres i czynniki zewn\u0119trzne.<\/p>\n<p><strong>INNOWACYJNY MATERIA\u0141 \u2013 NICZYM DRUGA SK\u00d3RA<\/strong><br \/>\nTo nie jest zwyk\u0142a maska. Tkanina TENCEL&#x2122; Lyocell, wykonana w 100% z<br \/>\nw\u0142\u00f3kien ro\u015blinnych, poch\u0142ania a\u017c 28 razy wi\u0119cej esencji ni\u017c jej masa,<br \/>\ndostarczaj\u0105c sk\u00f3rze prawdziwy zastrzyk nawil\u017cenia. Dzi\u0119ki opatentowanej<br \/>\ntechnologii DuPont maska doskonale przylega do sk\u00f3ry, tworz\u0105c efekt drugiej<br \/>\nsk\u00f3ry, kt\u00f3ry pozwala sk\u0142adnikom aktywnym wnika\u0107 jeszcze g\u0142\u0119biej.<\/p>\n<p><strong>G\u0141\u00d3WNE SK\u0141ADNIKI AKTYWNE<\/strong><\/p>\n<ul>\n<li>Oligopeptyd-1<\/li>\n<li>Ekstrakt z jaj \u0142ososia<\/li>\n<li>Filtrat z hodowli kalusa Crithmum Maritimum<\/li>\n<li>Kwas traneksamowy<\/li>\n<li>Ceramid Np<\/li>\n<li>Hialuronian sodu<\/li>\n<\/ul>\n","protected":false},"excerpt":{"rendered":"<p>Nawil\u017caj\u0105ca Niewidzialna Maska z Oligopeptydami i Ekstraktem z Ikry \u0141ososia &nbsp; MASZ PRZED SOB\u0104 D\u0141UGI DZIE\u0143? A MO\u017bE KOLEJNA NIEPRZESPANA NOC? TWOJA SK\u00d3RA NIE MUSI TEGO ZDRADZA\u0106 Ju\u017c po pierwszym u\u017cyciu poczujesz, jak Twoja cera staje si\u0119 bardziej j\u0119drna, promienna i idealnie nawil\u017cona. Idealna dla sk\u00f3ry suchej, wra\u017cliwej i zm\u0119czonej \u2013 doskonale sprawdzi si\u0119 po [&hellip;]<\/p>\n","protected":false},"featured_media":1377196,"comment_status":"open","ping_status":"closed","template":"","meta":{"_et_pb_use_builder":"","_et_pb_old_content":"","_et_gb_content_width":""},"product_cat":[15],"product_tag":[],"class_list":{"0":"post-1377219","1":"product","2":"type-product","3":"status-publish","4":"has-post-thumbnail","6":"product_cat-bez-kategorii","8":"first","9":"instock","10":"shipping-taxable","11":"purchasable","12":"product-type-simple"},"_links":{"self":[{"href":"https:\/\/clinect.pl\/index.php\/wp-json\/wp\/v2\/product\/1377219","targetHints":{"allow":["GET"]}}],"collection":[{"href":"https:\/\/clinect.pl\/index.php\/wp-json\/wp\/v2\/product"}],"about":[{"href":"https:\/\/clinect.pl\/index.php\/wp-json\/wp\/v2\/types\/product"}],"replies":[{"embeddable":true,"href":"https:\/\/clinect.pl\/index.php\/wp-json\/wp\/v2\/comments?post=1377219"}],"wp:featuredmedia":[{"embeddable":true,"href":"https:\/\/clinect.pl\/index.php\/wp-json\/wp\/v2\/media\/1377196"}],"wp:attachment":[{"href":"https:\/\/clinect.pl\/index.php\/wp-json\/wp\/v2\/media?parent=1377219"}],"wp:term":[{"taxonomy":"product_cat","embeddable":true,"href":"https:\/\/clinect.pl\/index.php\/wp-json\/wp\/v2\/product_cat?post=1377219"},{"taxonomy":"product_tag","embeddable":true,"href":"https:\/\/clinect.pl\/index.php\/wp-json\/wp\/v2\/product_tag?post=1377219"}],"curies":[{"name":"wp","href":"https:\/\/api.w.org\/{rel}","templated":true}]}}