{"id":1377225,"date":"2024-01-25T14:44:31","date_gmt":"2024-01-25T13:44:31","guid":{"rendered":"https:\/\/clinect.pl\/?post_type=product&#038;p=1377225"},"modified":"2025-04-27T16:26:24","modified_gmt":"2025-04-27T14:26:24","slug":"auto-draft-kopia","status":"publish","type":"product","link":"https:\/\/clinect.pl\/index.php\/produkt\/auto-draft-kopia\/","title":{"rendered":"Nawil\u017caj\u0105ca Maska Fashion Queen"},"content":{"rendered":"<h4><strong>Nawil\u017caj\u0105ca Maska Fashion Queen<\/strong><\/h4>\n<p><strong>SUCHA, ZM\u0118CZONA SK\u00d3RA? PRZYWR\u00d3\u0106 JEJ BLASK I J\u0118DRNO\u015a\u0106<\/strong><br \/>\nKa\u017cda sk\u00f3ra czasem potrzebuje chwili luksusu \u2013 g\u0142\u0119bokiego nawil\u017cenia,<br \/>\nregeneracji i ochrony. Clinect Nawil\u017caj\u0105ca Maska Fashion Queen to<br \/>\nekspresowy zabieg, kt\u00f3ry niczym profesjonalna kuracja nawil\u017caj\u0105ca<br \/>\nprzywraca sk\u00f3rze elastyczno\u015b\u0107, mi\u0119kko\u015b\u0107 i promienny wygl\u0105d.<br \/>\nEFEKT? DOSKONALE NAWIL\u017bONA, PROMIENNA I ZDROWA SK\u00d3RA \u2013<br \/>\n<strong>GOTOWA, BY WYGL\u0104DA\u0106 OL\u015aNIEWAJ\u0104CO KA\u017bDEGO DNIA.<\/strong><\/p>\n<p><strong>KORZY\u015aCI<\/strong><\/p>\n<p><strong>G\u0141\u0118BOKIE NAWIL\u017bENIE I D\u0141UGOTRWA\u0141A \u015aWIE\u017bO\u015a\u0106<\/strong><br \/>\nTrehaloza i hydrolizowany kolagen zapewniaj\u0105 sk\u00f3rze intensywne nawodnienie, wyg\u0142adzaj\u0105c jej struktur\u0119 i<br \/>\nzapobiegaj\u0105c utracie wilgoci. Po zastosowaniu maski cera jest mi\u0119kka, j\u0119drna i pe\u0142na \u015bwie\u017co\u015bci.<\/p>\n<p><strong>OCHRONA I UKOJENIE DLA WRA\u017bLIWEJ SK\u00d3RY<\/strong><br \/>\nZawarty w formule ferment Lactobacillus dzia\u0142a jak naturalna tarcza ochronna \u2013 wzmacnia barier\u0119 sk\u00f3ry, koi<br \/>\npodra\u017cnienia i przywraca r\u00f3wnowag\u0119 cerze podatnej na wra\u017cliwo\u015b\u0107.<\/p>\n<p><strong>DZIA\u0141ANIE PRZECIWSTARZENIOWE I ANTYOKSYDACYJNE<\/strong><br \/>\nEkstrakt z kory wierzby bia\u0142ej delikatnie z\u0142uszcza martwe kom\u00f3rki nask\u00f3rka, wyg\u0142adza sk\u00f3r\u0119 i wspomaga jej<br \/>\nodnow\u0119, chroni\u0105c j\u0105 przed szkodliwymi czynnikami \u015brodowiskowymi. To naturalna piel\u0119gnacja, kt\u00f3ra<br \/>\nwydobywa m\u0142odzie\u0144czy blask cery.<\/p>\n<p><strong>DLA KOGO?<\/strong><br \/>\nIdealna dla sk\u00f3ry suchej, odwodnionej i zm\u0119czonej, wymagaj\u0105cej natychmiastowego nawil\u017cenia i regeneracji.<br \/>\nMaska dzia\u0142a jak kompres ukojenia i od\u017cywienia, pozostawiaj\u0105c cer\u0119 mi\u0119kk\u0105 i roz\u015bwietlon\u0105.<\/p>\n<p><strong>G\u0141\u00d3WNE SK\u0141ADNIKI AKTYWNE<\/strong><\/p>\n<ul>\n<li>Trehaloza<\/li>\n<li>Hydrolizowany kolagen<\/li>\n<li>Ekstrakt z Chlorella Vulgaris<\/li>\n<li>Ekstrakt z ikry \u0142ososia<\/li>\n<li>Ferment Lactobacillus<\/li>\n<li>Ekstrakt z kory Salix Alba (wierzba bia\u0142a)<\/li>\n<\/ul>\n","protected":false},"excerpt":{"rendered":"<p>Nawil\u017caj\u0105ca Maska Fashion Queen SUCHA, ZM\u0118CZONA SK\u00d3RA? PRZYWR\u00d3\u0106 JEJ BLASK I J\u0118DRNO\u015a\u0106 Ka\u017cda sk\u00f3ra czasem potrzebuje chwili luksusu \u2013 g\u0142\u0119bokiego nawil\u017cenia, regeneracji i ochrony. Clinect Nawil\u017caj\u0105ca Maska Fashion Queen to ekspresowy zabieg, kt\u00f3ry niczym profesjonalna kuracja nawil\u017caj\u0105ca przywraca sk\u00f3rze elastyczno\u015b\u0107, mi\u0119kko\u015b\u0107 i promienny wygl\u0105d. EFEKT? DOSKONALE NAWIL\u017bONA, PROMIENNA I ZDROWA SK\u00d3RA \u2013 GOTOWA, BY WYGL\u0104DA\u0106 [&hellip;]<\/p>\n","protected":false},"featured_media":1376861,"comment_status":"open","ping_status":"closed","template":"","meta":{"_et_pb_use_builder":"","_et_pb_old_content":"","_et_gb_content_width":""},"product_cat":[15],"product_tag":[],"class_list":{"0":"post-1377225","1":"product","2":"type-product","3":"status-publish","4":"has-post-thumbnail","6":"product_cat-bez-kategorii","8":"first","9":"instock","10":"shipping-taxable","11":"purchasable","12":"product-type-simple"},"_links":{"self":[{"href":"https:\/\/clinect.pl\/index.php\/wp-json\/wp\/v2\/product\/1377225","targetHints":{"allow":["GET"]}}],"collection":[{"href":"https:\/\/clinect.pl\/index.php\/wp-json\/wp\/v2\/product"}],"about":[{"href":"https:\/\/clinect.pl\/index.php\/wp-json\/wp\/v2\/types\/product"}],"replies":[{"embeddable":true,"href":"https:\/\/clinect.pl\/index.php\/wp-json\/wp\/v2\/comments?post=1377225"}],"wp:featuredmedia":[{"embeddable":true,"href":"https:\/\/clinect.pl\/index.php\/wp-json\/wp\/v2\/media\/1376861"}],"wp:attachment":[{"href":"https:\/\/clinect.pl\/index.php\/wp-json\/wp\/v2\/media?parent=1377225"}],"wp:term":[{"taxonomy":"product_cat","embeddable":true,"href":"https:\/\/clinect.pl\/index.php\/wp-json\/wp\/v2\/product_cat?post=1377225"},{"taxonomy":"product_tag","embeddable":true,"href":"https:\/\/clinect.pl\/index.php\/wp-json\/wp\/v2\/product_tag?post=1377225"}],"curies":[{"name":"wp","href":"https:\/\/api.w.org\/{rel}","templated":true}]}}