{"id":1377227,"date":"2024-01-25T14:47:17","date_gmt":"2024-01-25T13:47:17","guid":{"rendered":"https:\/\/clinect.pl\/?post_type=product&#038;p=1377227"},"modified":"2025-04-27T16:23:37","modified_gmt":"2025-04-27T14:23:37","slug":"zestaw-oczyszczajacy-maskaglinka-wulkaniczna","status":"publish","type":"product","link":"https:\/\/clinect.pl\/index.php\/produkt\/zestaw-oczyszczajacy-maskaglinka-wulkaniczna\/","title":{"rendered":"Zestaw Oczyszczaj\u0105cy z B\u0142otem Wulkanicznym"},"content":{"rendered":"<h4><strong>Zestaw Oczyszczaj\u0105cy z B\u0142otem Wulkanicznym<\/strong><\/h4>\n<p><strong>ZASK\u00d3RNIKI, NADMIAR SEBUM, ROZSZERZONE PORY? POZB\u0104D\u0179<\/strong><br \/>\n<strong>SI\u0118 ICH W 10 MINUT<\/strong><br \/>\nTwoja sk\u00f3ra codziennie nara\u017cona jest na zanieczyszczenia, kt\u00f3re<br \/>\ngromadz\u0105 si\u0119 w porach, prowadz\u0105c do niedoskona\u0142o\u015bci. Clinect Zestaw<br \/>\nOczyszczaj\u0105cy z B\u0142otem Wulkanicznym to intensywna, dwuetapowa<br \/>\nkuracja, kt\u00f3ra usuwa zask\u00f3rniki, poch\u0142ania nadmiar sebum i przywraca<br \/>\nsk\u00f3rze \u015bwie\u017co\u015b\u0107 oraz r\u00f3wnowag\u0119.<br \/>\n<strong>EFEKT? G\u0141ADKA, MATOWA I OCZYSZCZONA SK\u00d3RA \u2013 GOTOWA NA<\/strong><br \/>\n<strong>KA\u017bDY DZIE\u0143!<\/strong><\/p>\n<p><strong>KORZY\u015aCI<\/strong><\/p>\n<p><strong>PODW\u00d3JNA MOC OCZYSZCZANIA \u2013 ODBLOKOWANIE POR\u00d3W I DETOKSYKACJA SK\u00d3RY<\/strong><br \/>\n&#8211; Krok 1 \u2013 Bawe\u0142niany plaster na nos skutecznie rozpuszcza zanieczyszczenia, pomagaj\u0105c pozby\u0107 si\u0119<br \/>\nnagromadzonego sebum i martwego nask\u00f3rka.<br \/>\n&#8211; Krok 2 \u2013 Maska z b\u0142ota wulkanicznego po na\u0142o\u017ceniu zamienia si\u0119 w g\u0119st\u0105, aktywn\u0105 pian\u0119, kt\u00f3ra<br \/>\ndog\u0142\u0119bnie oczyszcza pory, redukuje wypryski i pozostawia sk\u00f3r\u0119 g\u0142adk\u0105 oraz od\u015bwie\u017con\u0105.<\/p>\n<p><strong>NATURALNA SI\u0141A WULKANICZNYCH SK\u0141ADNIK\u00d3W<\/strong><br \/>\nZawarte w masce b\u0142oto wulkaniczne z wyspy Jeju i proszek z w\u0119gla bambusowego dzia\u0142aj\u0105 jak magnes na<br \/>\nzanieczyszczenia, poch\u0142aniaj\u0105c toksyny oraz reguluj\u0105c produkcj\u0119 sebum. Kwas salicylowy (2%) wnika w<br \/>\ng\u0142\u0105b sk\u00f3ry, skutecznie oczyszczaj\u0105c i redukuj\u0105c zask\u00f3rniki.<\/p>\n<p><strong>WIDOCZNY EFEKT JU\u017b PO 10 MINUTACH<\/strong><br \/>\nTwoja sk\u00f3ra natychmiast staje si\u0119 czystsza, g\u0142adsza i pe\u0142na blasku. Regularne stosowanie pomaga<br \/>\nzapobiega\u0107 powstawaniu nowych niedoskona\u0142o\u015bci, zw\u0119\u017caj\u0105c pory i przywracaj\u0105c sk\u00f3rze naturaln\u0105<br \/>\nr\u00f3wnowag\u0119.<\/p>\n<p><strong>IDEALNY DLA KA\u017bDEGO TYPU SK\u00d3RY, NAWET WRA\u017bLIWEJ<\/strong><br \/>\n\u0141agodna, ale skuteczna formu\u0142a zosta\u0142a stworzona tak, by zapewnia\u0107 intensywne oczyszczanie bez<br \/>\npodra\u017cnie\u0144 i przesuszenia.<\/p>\n<p><strong>G\u0141\u00d3WNE SK\u0141ADNIKI AKTYWNE<\/strong><\/p>\n<ul>\n<li>Popi\u00f3\u0142 wulkaniczny z wyspy Jeju<\/li>\n<li>Proszek z w\u0119gla bambusowego<\/li>\n<li>Kwas salicylowy (2%)<\/li>\n<li>Dipotassium Glycyrrhizate<\/li>\n<li>Ekstrakt z korzenia kosa\u0107ca florenckiego (Iris Florentina)<\/li>\n<\/ul>\n","protected":false},"excerpt":{"rendered":"<p>Zestaw Oczyszczaj\u0105cy z B\u0142otem Wulkanicznym ZASK\u00d3RNIKI, NADMIAR SEBUM, ROZSZERZONE PORY? POZB\u0104D\u0179 SI\u0118 ICH W 10 MINUT Twoja sk\u00f3ra codziennie nara\u017cona jest na zanieczyszczenia, kt\u00f3re gromadz\u0105 si\u0119 w porach, prowadz\u0105c do niedoskona\u0142o\u015bci. Clinect Zestaw Oczyszczaj\u0105cy z B\u0142otem Wulkanicznym to intensywna, dwuetapowa kuracja, kt\u00f3ra usuwa zask\u00f3rniki, poch\u0142ania nadmiar sebum i przywraca sk\u00f3rze \u015bwie\u017co\u015b\u0107 oraz r\u00f3wnowag\u0119. EFEKT? G\u0141ADKA, [&hellip;]<\/p>\n","protected":false},"featured_media":1377210,"comment_status":"open","ping_status":"closed","template":"","meta":{"_et_pb_use_builder":"","_et_pb_old_content":"","_et_gb_content_width":""},"product_cat":[15],"product_tag":[],"class_list":{"0":"post-1377227","1":"product","2":"type-product","3":"status-publish","4":"has-post-thumbnail","6":"product_cat-bez-kategorii","8":"first","9":"instock","10":"shipping-taxable","11":"purchasable","12":"product-type-simple"},"_links":{"self":[{"href":"https:\/\/clinect.pl\/index.php\/wp-json\/wp\/v2\/product\/1377227","targetHints":{"allow":["GET"]}}],"collection":[{"href":"https:\/\/clinect.pl\/index.php\/wp-json\/wp\/v2\/product"}],"about":[{"href":"https:\/\/clinect.pl\/index.php\/wp-json\/wp\/v2\/types\/product"}],"replies":[{"embeddable":true,"href":"https:\/\/clinect.pl\/index.php\/wp-json\/wp\/v2\/comments?post=1377227"}],"wp:featuredmedia":[{"embeddable":true,"href":"https:\/\/clinect.pl\/index.php\/wp-json\/wp\/v2\/media\/1377210"}],"wp:attachment":[{"href":"https:\/\/clinect.pl\/index.php\/wp-json\/wp\/v2\/media?parent=1377227"}],"wp:term":[{"taxonomy":"product_cat","embeddable":true,"href":"https:\/\/clinect.pl\/index.php\/wp-json\/wp\/v2\/product_cat?post=1377227"},{"taxonomy":"product_tag","embeddable":true,"href":"https:\/\/clinect.pl\/index.php\/wp-json\/wp\/v2\/product_tag?post=1377227"}],"curies":[{"name":"wp","href":"https:\/\/api.w.org\/{rel}","templated":true}]}}