{"id":1377299,"date":"2024-04-04T10:22:49","date_gmt":"2024-04-04T08:22:49","guid":{"rendered":"https:\/\/clinect.pl\/?post_type=product&#038;p=1377299"},"modified":"2025-04-27T16:34:53","modified_gmt":"2025-04-27T14:34:53","slug":"moisturizing-good-night-mask-maska-w-plachcie-relaksujaca","status":"publish","type":"product","link":"https:\/\/clinect.pl\/index.php\/produkt\/moisturizing-good-night-mask-maska-w-plachcie-relaksujaca\/","title":{"rendered":"Nawil\u017caj\u0105ca Czarna Maska na Noc"},"content":{"rendered":"<h4><strong>Nawil\u017caj\u0105ca Czarna Maska na Noc<\/strong><\/h4>\n<p><strong>OBUD\u0179 SI\u0118 Z NIESKAZITELN\u0104, PE\u0141N\u0104 BLASKU CER\u0104<\/strong><br \/>\nPodczas snu Twoja sk\u00f3ra intensywnie si\u0119 regeneruje \u2013 Clinect<br \/>\nNawil\u017caj\u0105ca Czarna Maska na Noc wspomaga ten proces, dostarczaj\u0105c<br \/>\nsk\u0142adniki, kt\u00f3re nawil\u017caj\u0105, od\u017cywiaj\u0105 i detoksykuj\u0105 sk\u00f3r\u0119. To luksusowa<br \/>\nnocna terapia, kt\u00f3ra sprawia, \u017ce o poranku sk\u00f3ra jest g\u0142adka, wypocz\u0119ta i<br \/>\npromienna, jak po profesjonalnym zabiegu piel\u0119gnacyjnym.<br \/>\n<strong>EFEKT? PO PRZEBUDZENIU SK\u00d3RA WYGL\u0104DA \u015aWIE\u017bO, JEST IDEALNIE<\/strong><br \/>\n<strong>NAWIL\u017bONA I PE\u0141NA ZDROWEGO BLASKU \u2013 GOTOWA, BY<\/strong><br \/>\n<strong>OL\u015aNIEWA\u0106 KA\u017bDEGO DNIA.<\/strong><\/p>\n<p><strong>KORZY\u015aCI<\/strong><\/p>\n<p><strong>G\u0141\u0118BOKIE NAWIL\u017bENIE I ZATRZYMANIE WILGOCI<\/strong><br \/>\nFormu\u0142a bogata w Hialuronian Sodu intensywnie nawadnia sk\u00f3r\u0119, zamykaj\u0105c wilgo\u0107 w jej g\u0142\u0119bszych warstwach.<br \/>\nDzi\u0119ki temu cera jest mi\u0119kka, elastyczna i wyg\u0142adzona zaraz po przebudzeniu.<\/p>\n<p><strong>OCZYSZCZENIE I PRZYWR\u00d3CENIE R\u00d3WNOWAGI<\/strong><br \/>\nJapo\u0144ski w\u0119giel Binchotan dzia\u0142a jak magnes na zanieczyszczenia, dok\u0142adnie oczyszczaj\u0105c pory i reguluj\u0105c<br \/>\nwydzielanie sebum. Sk\u00f3ra odzyskuje r\u00f3wnowag\u0119 i \u015bwie\u017co\u015b\u0107 bez efektu przesuszenia.<\/p>\n<p><strong>ROZ\u015aWIETLENIE I REWITALIZACJA<\/strong><br \/>\nPo\u0142\u0105czenie Ekstraktu z Jab\u0142ka i Sza\u0142wii Lekarskiej wspomaga regeneracj\u0119 sk\u00f3ry, rozja\u015bnia i dodaje blasku,<br \/>\nwyr\u00f3wnuj\u0105c koloryt cery. To idealne rozwi\u0105zanie, je\u015bli Twoja sk\u00f3ra wygl\u0105da na zm\u0119czon\u0105 i pozbawion\u0105 energii.<\/p>\n<p><strong>RELAKS I UKOJENIE DLA SK\u00d3RY I ZMYS\u0141\u00d3W<\/strong><br \/>\nEkstrakt z Lawendy i Wanilii nie tylko piel\u0119gnuje sk\u00f3r\u0119, ale tak\u017ce odpr\u0119\u017ca i koi zmys\u0142y. To idealny rytua\u0142 na<br \/>\nzako\u0144czenie dnia \u2013 maska nie tylko dzia\u0142a na sk\u00f3r\u0119, ale tak\u017ce wprowadza Ci\u0119 w stan relaksu i g\u0142\u0119bokiego<br \/>\nodpr\u0119\u017cenia.<\/p>\n<p><strong>DLA KOGO?<\/strong><br \/>\nDla ka\u017cdego, kto pragnie wielowymiarowej piel\u0119gnacji nocnej, kt\u00f3ra nawil\u017ca, detoksykuje i wyg\u0142adza sk\u00f3r\u0119. Idealna<br \/>\ndla cery zm\u0119czonej, szarej i wymagaj\u0105cej regeneracji.<\/p>\n<p><strong>G\u0141\u00d3WNE SK\u0141ADNIKI AKTYWNE<\/strong><\/p>\n<ul>\n<li>Octan tokoferylu (Witamina E)<\/li>\n<li>Ekstrakt z kory Salix Alba (wierzba bia\u0142a)<\/li>\n<li>Hialuronian sodu<\/li>\n<li>Ekstrakt z li\u015bci sza\u0142wii lekarskiej (Salvia Officinalis)<\/li>\n<li>Ekstrakt z jab\u0142ka (Pyrus Malus)<\/li>\n<li>Ekstrakt z wanilii (Vanilla Planifolia)<\/li>\n<li>Ekstrakt z lawendy (Lavandula Angustifolia &#8211; kwiat\/li\u015b\u0107\/\u0142odyga)<\/li>\n<\/ul>\n","protected":false},"excerpt":{"rendered":"<p>Nawil\u017caj\u0105ca Czarna Maska na Noc OBUD\u0179 SI\u0118 Z NIESKAZITELN\u0104, PE\u0141N\u0104 BLASKU CER\u0104 Podczas snu Twoja sk\u00f3ra intensywnie si\u0119 regeneruje \u2013 Clinect Nawil\u017caj\u0105ca Czarna Maska na Noc wspomaga ten proces, dostarczaj\u0105c sk\u0142adniki, kt\u00f3re nawil\u017caj\u0105, od\u017cywiaj\u0105 i detoksykuj\u0105 sk\u00f3r\u0119. To luksusowa nocna terapia, kt\u00f3ra sprawia, \u017ce o poranku sk\u00f3ra jest g\u0142adka, wypocz\u0119ta i promienna, jak po profesjonalnym [&hellip;]<\/p>\n","protected":false},"featured_media":1377321,"comment_status":"open","ping_status":"closed","template":"","meta":{"_et_pb_use_builder":"","_et_pb_old_content":"","_et_gb_content_width":""},"product_cat":[15],"product_tag":[],"class_list":{"0":"post-1377299","1":"product","2":"type-product","3":"status-publish","4":"has-post-thumbnail","6":"product_cat-bez-kategorii","8":"first","9":"instock","10":"shipping-taxable","11":"purchasable","12":"product-type-simple"},"_links":{"self":[{"href":"https:\/\/clinect.pl\/index.php\/wp-json\/wp\/v2\/product\/1377299","targetHints":{"allow":["GET"]}}],"collection":[{"href":"https:\/\/clinect.pl\/index.php\/wp-json\/wp\/v2\/product"}],"about":[{"href":"https:\/\/clinect.pl\/index.php\/wp-json\/wp\/v2\/types\/product"}],"replies":[{"embeddable":true,"href":"https:\/\/clinect.pl\/index.php\/wp-json\/wp\/v2\/comments?post=1377299"}],"wp:featuredmedia":[{"embeddable":true,"href":"https:\/\/clinect.pl\/index.php\/wp-json\/wp\/v2\/media\/1377321"}],"wp:attachment":[{"href":"https:\/\/clinect.pl\/index.php\/wp-json\/wp\/v2\/media?parent=1377299"}],"wp:term":[{"taxonomy":"product_cat","embeddable":true,"href":"https:\/\/clinect.pl\/index.php\/wp-json\/wp\/v2\/product_cat?post=1377299"},{"taxonomy":"product_tag","embeddable":true,"href":"https:\/\/clinect.pl\/index.php\/wp-json\/wp\/v2\/product_tag?post=1377299"}],"curies":[{"name":"wp","href":"https:\/\/api.w.org\/{rel}","templated":true}]}}