{"id":1378095,"date":"2025-04-27T16:46:44","date_gmt":"2025-04-27T14:46:44","guid":{"rendered":"https:\/\/clinect.pl\/?post_type=product&#038;p=1378095"},"modified":"2025-04-27T16:46:44","modified_gmt":"2025-04-27T14:46:44","slug":"rewitalizujaca-esencja-z-ikry-lososia","status":"publish","type":"product","link":"https:\/\/clinect.pl\/index.php\/produkt\/rewitalizujaca-esencja-z-ikry-lososia\/","title":{"rendered":"Rewitalizuj\u0105ca Esencja z Ikry \u0141ososia"},"content":{"rendered":"<h4><strong>Rewitalizuj\u0105ca Esencja z Ikry \u0141ososia<\/strong><\/h4>\n<p><strong>TWOJA SK\u00d3RA W NOWYM WYMIARZE NAWIL\u017bENIA I REGENERACJI<\/strong><br \/>\n<strong>W ZALEDWIE 24 GODZINY!<\/strong><br \/>\nClinect Naprawcza \u2013 Rewitalizuj\u0105ca Esencja z Ikry \u0141ososia to<br \/>\nsekret pi\u0119knej i zdrowej sk\u00f3ry. Mo\u017cesz stosowa\u0107 j\u0105<br \/>\nsamodzielnie, by wzmocni\u0107 barier\u0119 ochronn\u0105 sk\u00f3ry, lub \u0142\u0105czy\u0107<br \/>\nz innymi produktami, by maksymalnie zwi\u0119kszy\u0107 efekty<br \/>\npiel\u0119gnacyjne.<br \/>\nTo wi\u0119cej ni\u017c piel\u0119gnacja. To rytua\u0142 luksusu, kt\u00f3ry sprawi, \u017ce<br \/>\nTwoja sk\u00f3ra b\u0119dzie wygl\u0105da\u0107 pi\u0119knie ka\u017cdego dnia.<br \/>\n<strong>GOTOWA NA EFEKT WOW?<\/strong><\/p>\n<h4>Po 1 Dniu zawarto\u015b\u0107 wilgoci w sk\u00f3rze zwi\u0119kszona o <strong>+12.3%<\/strong><\/h4>\n<h4>Przezsk\u00f3rna utrata wody zmniejszona o <strong>9.03%<\/strong><\/h4>\n<h4>Tolerancja sk\u00f3ry na podra\u017cnienia poprawiona o <strong>17.7%<\/strong><\/h4>\n<h4><strong>84.9%<\/strong> Badanych uwa\u017ca, \u017ce produkt ma dzia\u0142anie koj\u0105ce i naprawcze na sk\u00f3r\u0119<\/h4>\n<p><strong>KORZY\u015aCI<\/strong><\/p>\n<p>Wyobra\u017a sobie produkt, kt\u00f3ry niczym luksusowy eliksir wnika w g\u0142\u0105b Twojej sk\u00f3ry,<br \/>\nintensywnie j\u0105 regeneruj\u0105c i przywracaj\u0105c jej pe\u0142ni\u0119 blasku. Clinect Naprawcza \u2013<br \/>\nRewitalizuj\u0105ca Esencja z Ikry \u0141ososia to must-have ka\u017cdej kobiety, kt\u00f3ra pragnie<br \/>\nnatychmiastowej odbudowy i ukojenia sk\u00f3ry.<\/p>\n<p><strong>NATYCHMIASTOWE NAWIL\u017bENIE I UKOJENIE<\/strong><br \/>\nJu\u017c po pierwszym u\u017cyciu sk\u00f3ra staje si\u0119 bardziej mi\u0119kka, g\u0142adka i nawil\u017cona.<br \/>\nUdowodniono klinicznie, \u017ce esencja redukuje szorstko\u015b\u0107 spowodowan\u0105 sucho\u015bci\u0105 i<br \/>\nprzywraca cerze zdrowy, promienny wygl\u0105d.<\/p>\n<p><strong>ODBUDOWA BARIERY OCHRONNEJ SK\u00d3RY<\/strong><br \/>\nDzi\u0119ki po\u0142\u0105czeniu Tauryny, Azjatykozydu, Kwasu Azjatykowego i Kwasu Madekasowego<br \/>\nesencja wzmacnia sk\u00f3r\u0119 i minimalizuje wp\u0142yw czynnik\u00f3w zewn\u0119trznych. Ju\u017c po jednym<br \/>\ndniu zmniejsza przezsk\u00f3rn\u0105 utrat\u0119 wody (TEWL), przywracaj\u0105c sk\u00f3rze optymaln\u0105<br \/>\nr\u00f3wnowag\u0119 nawil\u017cenia.<\/p>\n<p><strong>SILNA REGENERACJA I ODM\u0141ODZENIE<\/strong><br \/>\nFormu\u0142a bogata w Witamin\u0119 E, Karnozyn\u0119 i Oligopeptyd-1 pobudza sk\u00f3r\u0119 do odbudowy<br \/>\ni sprawia, \u017ce odzyskuje ona elastyczno\u015b\u0107 oraz zdrowy koloryt. To jak intensywna<br \/>\nterapia, ale zamkni\u0119ta w lekkiej, jedwabistej esencji!<\/p>\n<p><strong>G\u0141\u00d3WNE SK\u0141ADNIKI AKTYWNE<\/strong><\/p>\n<ul>\n<li>Tauryna<\/li>\n<li>Azjatykozyd<\/li>\n<li>Kwas Azjatykowy<\/li>\n<li>Kwas Madekasowy<\/li>\n<li>Witamina E<\/li>\n<li>Karnozyna<\/li>\n<li>Oligopeptyd-1<\/li>\n<\/ul>\n","protected":false},"excerpt":{"rendered":"<p>Rewitalizuj\u0105ca Esencja z Ikry \u0141ososia TWOJA SK\u00d3RA W NOWYM WYMIARZE NAWIL\u017bENIA I REGENERACJI W ZALEDWIE 24 GODZINY! Clinect Naprawcza \u2013 Rewitalizuj\u0105ca Esencja z Ikry \u0141ososia to sekret pi\u0119knej i zdrowej sk\u00f3ry. Mo\u017cesz stosowa\u0107 j\u0105 samodzielnie, by wzmocni\u0107 barier\u0119 ochronn\u0105 sk\u00f3ry, lub \u0142\u0105czy\u0107 z innymi produktami, by maksymalnie zwi\u0119kszy\u0107 efekty piel\u0119gnacyjne. To wi\u0119cej ni\u017c piel\u0119gnacja. To [&hellip;]<\/p>\n","protected":false},"featured_media":1378096,"comment_status":"open","ping_status":"closed","template":"","meta":{"_et_pb_use_builder":"","_et_pb_old_content":"","_et_gb_content_width":""},"product_cat":[15],"product_tag":[],"class_list":{"0":"post-1378095","1":"product","2":"type-product","3":"status-publish","4":"has-post-thumbnail","6":"product_cat-bez-kategorii","8":"first","9":"instock","10":"shipping-taxable","11":"purchasable","12":"product-type-simple"},"_links":{"self":[{"href":"https:\/\/clinect.pl\/index.php\/wp-json\/wp\/v2\/product\/1378095","targetHints":{"allow":["GET"]}}],"collection":[{"href":"https:\/\/clinect.pl\/index.php\/wp-json\/wp\/v2\/product"}],"about":[{"href":"https:\/\/clinect.pl\/index.php\/wp-json\/wp\/v2\/types\/product"}],"replies":[{"embeddable":true,"href":"https:\/\/clinect.pl\/index.php\/wp-json\/wp\/v2\/comments?post=1378095"}],"wp:featuredmedia":[{"embeddable":true,"href":"https:\/\/clinect.pl\/index.php\/wp-json\/wp\/v2\/media\/1378096"}],"wp:attachment":[{"href":"https:\/\/clinect.pl\/index.php\/wp-json\/wp\/v2\/media?parent=1378095"}],"wp:term":[{"taxonomy":"product_cat","embeddable":true,"href":"https:\/\/clinect.pl\/index.php\/wp-json\/wp\/v2\/product_cat?post=1378095"},{"taxonomy":"product_tag","embeddable":true,"href":"https:\/\/clinect.pl\/index.php\/wp-json\/wp\/v2\/product_tag?post=1378095"}],"curies":[{"name":"wp","href":"https:\/\/api.w.org\/{rel}","templated":true}]}}