{"id":1378097,"date":"2025-04-27T16:53:55","date_gmt":"2025-04-27T14:53:55","guid":{"rendered":"https:\/\/clinect.pl\/?post_type=product&#038;p=1378097"},"modified":"2025-04-30T15:18:03","modified_gmt":"2025-04-30T13:18:03","slug":"nawilzajaca-krolewska-mgielka-z-oligopeptydami-i-ekstraktem-z-ikry-lososia","status":"publish","type":"product","link":"https:\/\/clinect.pl\/index.php\/produkt\/nawilzajaca-krolewska-mgielka-z-oligopeptydami-i-ekstraktem-z-ikry-lososia\/","title":{"rendered":"Nawil\u017caj\u0105ca Kr\u00f3lewska Mgie\u0142ka z Oligopeptydami i Ekstraktem z Ikry \u0141ososia"},"content":{"rendered":"<h4><strong>Nawil\u017caj\u0105ca Kr\u00f3lewska Mgie\u0142ka z Oligopeptydami i Ekstraktem z Ikry \u0141ososia<\/strong><\/h4>\n<p><strong>TWOJA SK\u00d3RA, TW\u00d3J KOMFORT, TW\u00d3J RYTUA\u0141<\/strong><br \/>\nSzukasz sposobu, by Twoja sk\u00f3ra przez ca\u0142y dzie\u0144 by\u0142a idealnie nawil\u017cona,<br \/>\npromienna i pe\u0142na \u015bwie\u017co\u015bci? Clinect Nawil\u017caj\u0105ca Kr\u00f3lewska Mgie\u0142ka z<br \/>\nOligopeptydami i Ekstraktem z Ikry \u0141ososia to Tw\u00f3j must-have \u2013<br \/>\nnatychmiastowa ulga dla sk\u00f3ry w ka\u017cdej chwili, bez wzgl\u0119du na to, gdzie<br \/>\njeste\u015b.<br \/>\nSpryskaj twarz rano, by doda\u0107 sk\u00f3rze blasku. Stosuj w ci\u0105gu dnia, by j\u0105<br \/>\nod\u015bwie\u017cy\u0107 i nawil\u017cy\u0107. Rozpyl przed snem, by otuli\u0107 si\u0119 koj\u0105c\u0105 mgie\u0142k\u0105. To nie<br \/>\ntylko piel\u0119gnacja \u2013 to chwila luksusu, kt\u00f3r\u0105 mo\u017cesz mie\u0107 zawsze przy sobie.<\/p>\n<p><strong>EKSTRAKT Z KWIATU R\u00d3\u017bY DAMASCE\u0143SKIEJ<\/strong><br \/>\nnie tylko nadaje mgie\u0142ce wyj\u0105tkowy, naturalny zapach, ale tak\u017ce dzia\u0142a nawil\u017caj\u0105co,<br \/>\n\u0142agodz\u0105co i antyoksydacyjnie, pomagaj\u0105c sk\u00f3rze zachowa\u0107 \u015bwie\u017co\u015b\u0107 i promienny wygl\u0105d.<\/p>\n<p><strong>KORZY\u015aCI<\/strong><\/p>\n<p><strong>NAWIL\u017bENIE ZAWSZE WTEDY, GDY TEGO POTRZEBUJESZ<\/strong><br \/>\nDzi\u0119ki lekkiej, od\u015bwie\u017caj\u0105cej formule mgie\u0142ka zatrzymuje wilgo\u0107 w sk\u00f3rze, eliminuj\u0105c sucho\u015b\u0107 i<br \/>\nprzywracaj\u0105c komfort. Nawet w upalne dni, w klimatyzowanych pomieszczeniach czy podczas<br \/>\npodr\u00f3\u017cy, Twoja sk\u00f3ra pozostaje mi\u0119kka, g\u0142adka i doskonale nawil\u017cona.<\/p>\n<p><strong>LUKSUSOWE DOZNANIA PIEL\u0118GNACYJNE<\/strong><br \/>\nZanurz si\u0119 w subtelnej, r\u00f3\u017canej mgie\u0142ce, kt\u00f3ra otula sk\u00f3r\u0119 delikatnym aromatem r\u00f3\u017cy<br \/>\ndamasce\u0144skiej. Ka\u017cde rozpylenie to chwila relaksu, kt\u00f3ra koi zmys\u0142y i przenosi Ci\u0119 do ogrodu<br \/>\npe\u0142nego kwitn\u0105cych r\u00f3\u017c.<\/p>\n<p><strong>DELIKATNA I PRECYZYJNA APLIKACJA<\/strong><br \/>\nUltralekka formu\u0142a mgie\u0142ki jest idealna dla ka\u017cdego typu sk\u00f3ry, r\u00f3wnie\u017c t\u0142ustej i wra\u017cliwej. Nie<br \/>\npozostawia lepkiej warstwy, nie obci\u0105\u017ca, nie zapycha por\u00f3w \u2013 tylko czysta, naturalna \u015bwie\u017co\u015b\u0107.<br \/>\nDzi\u0119ki innowacyjnej technologii rozpylania ka\u017cda kropla esencji r\u00f3wnomiernie otula sk\u00f3r\u0119,<br \/>\nzapewniaj\u0105c natychmiastowe ukojenie i regeneracj\u0119.<\/p>\n<p><strong>G\u0141\u00d3WNE SK\u0141ADNIKI AKTYWNE<\/strong><\/p>\n<ul>\n<li>Woda (Aqua)<\/li>\n<li>Dipotasowy glicyryzynian<\/li>\n<li>Karnozyna<\/li>\n<li>Ekstrakt z kwiatu r\u00f3\u017cy damasce\u0144skiej<\/li>\n<li>Ekstrakt z ikry \u0142ososia<\/li>\n<li>Oligopeptyd-1<\/li>\n<\/ul>\n","protected":false},"excerpt":{"rendered":"<p>Nawil\u017caj\u0105ca Kr\u00f3lewska Mgie\u0142ka z Oligopeptydami i Ekstraktem z Ikry \u0141ososia TWOJA SK\u00d3RA, TW\u00d3J KOMFORT, TW\u00d3J RYTUA\u0141 Szukasz sposobu, by Twoja sk\u00f3ra przez ca\u0142y dzie\u0144 by\u0142a idealnie nawil\u017cona, promienna i pe\u0142na \u015bwie\u017co\u015bci? Clinect Nawil\u017caj\u0105ca Kr\u00f3lewska Mgie\u0142ka z Oligopeptydami i Ekstraktem z Ikry \u0141ososia to Tw\u00f3j must-have \u2013 natychmiastowa ulga dla sk\u00f3ry w ka\u017cdej chwili, bez wzgl\u0119du [&hellip;]<\/p>\n","protected":false},"featured_media":1378098,"comment_status":"open","ping_status":"closed","template":"","meta":{"_et_pb_use_builder":"","_et_pb_old_content":"","_et_gb_content_width":""},"product_cat":[15],"product_tag":[],"class_list":{"0":"post-1378097","1":"product","2":"type-product","3":"status-publish","4":"has-post-thumbnail","6":"product_cat-bez-kategorii","8":"first","9":"instock","10":"shipping-taxable","11":"purchasable","12":"product-type-simple"},"_links":{"self":[{"href":"https:\/\/clinect.pl\/index.php\/wp-json\/wp\/v2\/product\/1378097","targetHints":{"allow":["GET"]}}],"collection":[{"href":"https:\/\/clinect.pl\/index.php\/wp-json\/wp\/v2\/product"}],"about":[{"href":"https:\/\/clinect.pl\/index.php\/wp-json\/wp\/v2\/types\/product"}],"replies":[{"embeddable":true,"href":"https:\/\/clinect.pl\/index.php\/wp-json\/wp\/v2\/comments?post=1378097"}],"wp:featuredmedia":[{"embeddable":true,"href":"https:\/\/clinect.pl\/index.php\/wp-json\/wp\/v2\/media\/1378098"}],"wp:attachment":[{"href":"https:\/\/clinect.pl\/index.php\/wp-json\/wp\/v2\/media?parent=1378097"}],"wp:term":[{"taxonomy":"product_cat","embeddable":true,"href":"https:\/\/clinect.pl\/index.php\/wp-json\/wp\/v2\/product_cat?post=1378097"},{"taxonomy":"product_tag","embeddable":true,"href":"https:\/\/clinect.pl\/index.php\/wp-json\/wp\/v2\/product_tag?post=1378097"}],"curies":[{"name":"wp","href":"https:\/\/api.w.org\/{rel}","templated":true}]}}