{"id":1378099,"date":"2025-04-27T17:03:35","date_gmt":"2025-04-27T15:03:35","guid":{"rendered":"https:\/\/clinect.pl\/?post_type=product&#038;p=1378099"},"modified":"2025-04-27T17:07:18","modified_gmt":"2025-04-27T15:07:18","slug":"wybielajaco-oczyszczajaca-esencja","status":"publish","type":"product","link":"https:\/\/clinect.pl\/index.php\/produkt\/wybielajaco-oczyszczajaca-esencja\/","title":{"rendered":"Wybielaj\u0105co-Oczyszczaj\u0105ca Esencja"},"content":{"rendered":"<h4><strong>Wybielaj\u0105co-Oczyszczaj\u0105ca Esencja<\/strong><\/h4>\n<p><strong>NAUKOWA FORMU\u0141A OPARTA NA NATURZE<\/strong><br \/>\nEkstrakt z kom\u00f3rek kalusa Leontopodium Alpinum pomaga sk\u00f3rze<br \/>\nodzyska\u0107 r\u00f3wnowag\u0119, chroni\u0105c j\u0105 przed szkodliwym wp\u0142ywem<br \/>\nczynnik\u00f3w zewn\u0119trznych. Ka\u017cda aplikacja esencji to krok w stron\u0119<br \/>\nidealnej, pe\u0142nej blasku cery.<br \/>\n<strong>EFEKT? ROZ\u015aWIETLONA, JEDNOLITA SK\u00d3RA, KT\u00d3RA WYGL\u0104DA \u015aWIE\u017bO<\/strong><br \/>\n<strong>I M\u0141ODZIE\u0143CZO KA\u017bDEGO DNIA.<\/strong><\/p>\n<h4>Po 1 tygodniu widoczno\u015b\u0107 plam pigmentacyjnych <strong>-36.68%<\/strong><\/h4>\n<h4>Liczba przebarwie\u0144: <strong>-36.90%<\/strong><\/h4>\n<h4>Widoczno\u015b\u0107 blizn potr\u0105dzikowych <strong>-28.16%<\/strong><\/h4>\n<h4><strong>88%<\/strong> Uczestnik\u00f3w potwierdzi\u0142o rozja\u015bnienie przebarwie\u0144<\/h4>\n<p><strong>KORZY\u015aCI<\/strong><\/p>\n<p><strong>NATYCHMIASTOWA REDUKCJA PRZEBARWIE\u0143 I JEDNOLITY KOLORYT<\/strong><br \/>\nZaawansowana formu\u0142a \u0142\u0105czy si\u0142\u0119 SymWhite 377 i Kwasu Elagowego,<br \/>\nkt\u00f3re wsp\u00f3\u0142pracuj\u0105, aby hamowa\u0107 produkcj\u0119 melaniny i rozja\u015bnia\u0107 sk\u00f3r\u0119.<br \/>\nEfekty widoczne s\u0105 ju\u017c po kr\u00f3tkim czasie, co potwierdzaj\u0105 badania<br \/>\nkliniczne.<\/p>\n<p><strong>DELIKATNA, A JEDNOCZE\u015aNIE NIEZWYKLE SKUTECZNA<\/strong><br \/>\nLekka, niet\u0142usta konsystencja zosta\u0142a opracowana specjalnie z my\u015bl\u0105 o<br \/>\nsk\u00f3rze wra\u017cliwej \u2013 nie podra\u017cnia, nie powoduje przesuszenia, a<br \/>\njednocze\u015bnie dzia\u0142a intensywnie i skutecznie. Nadaje si\u0119 do wszystkich<br \/>\ntyp\u00f3w sk\u00f3ry, r\u00f3wnie\u017c tej wymagaj\u0105cej szczeg\u00f3lnej troski.<\/p>\n<p><strong>EFEKT JAK PO PROFESJONALNYM ZABIEGU<\/strong><br \/>\nDzi\u0119ki zawarto\u015bci Niacynamidu i Kwasu Traneksamowego produkt nie<br \/>\ntylko redukuje widoczne plamy pigmentacyjne i blizny potr\u0105dzikowe, ale<br \/>\ntak\u017ce wyr\u00f3wnuje koloryt sk\u00f3ry, nadaj\u0105c jej zdrowy i m\u0142odzie\u0144czy wygl\u0105d.<\/p>\n<p><strong>G\u0141\u00d3WNE SK\u0141ADNIKI AKTYWNE<\/strong><\/p>\n<ul>\n<li>Ekstrakt z kom\u00f3rek kalusa Leontopodium<\/li>\n<li>Alpinum<\/li>\n<li>Kwas elagowy<\/li>\n<li>Kwas traneksamowy<\/li>\n<li>Niacynamid<\/li>\n<li>SymWhite 377<\/li>\n<\/ul>\n","protected":false},"excerpt":{"rendered":"<p>Wybielaj\u0105co-Oczyszczaj\u0105ca Esencja NAUKOWA FORMU\u0141A OPARTA NA NATURZE Ekstrakt z kom\u00f3rek kalusa Leontopodium Alpinum pomaga sk\u00f3rze odzyska\u0107 r\u00f3wnowag\u0119, chroni\u0105c j\u0105 przed szkodliwym wp\u0142ywem czynnik\u00f3w zewn\u0119trznych. Ka\u017cda aplikacja esencji to krok w stron\u0119 idealnej, pe\u0142nej blasku cery. EFEKT? ROZ\u015aWIETLONA, JEDNOLITA SK\u00d3RA, KT\u00d3RA WYGL\u0104DA \u015aWIE\u017bO I M\u0141ODZIE\u0143CZO KA\u017bDEGO DNIA. Po 1 tygodniu widoczno\u015b\u0107 plam pigmentacyjnych -36.68% Liczba przebarwie\u0144: [&hellip;]<\/p>\n","protected":false},"featured_media":1378103,"comment_status":"open","ping_status":"closed","template":"","meta":{"_et_pb_use_builder":"","_et_pb_old_content":"","_et_gb_content_width":""},"product_cat":[15],"product_tag":[],"class_list":{"0":"post-1378099","1":"product","2":"type-product","3":"status-publish","4":"has-post-thumbnail","6":"product_cat-bez-kategorii","8":"first","9":"instock","10":"shipping-taxable","11":"purchasable","12":"product-type-simple"},"_links":{"self":[{"href":"https:\/\/clinect.pl\/index.php\/wp-json\/wp\/v2\/product\/1378099","targetHints":{"allow":["GET"]}}],"collection":[{"href":"https:\/\/clinect.pl\/index.php\/wp-json\/wp\/v2\/product"}],"about":[{"href":"https:\/\/clinect.pl\/index.php\/wp-json\/wp\/v2\/types\/product"}],"replies":[{"embeddable":true,"href":"https:\/\/clinect.pl\/index.php\/wp-json\/wp\/v2\/comments?post=1378099"}],"wp:featuredmedia":[{"embeddable":true,"href":"https:\/\/clinect.pl\/index.php\/wp-json\/wp\/v2\/media\/1378103"}],"wp:attachment":[{"href":"https:\/\/clinect.pl\/index.php\/wp-json\/wp\/v2\/media?parent=1378099"}],"wp:term":[{"taxonomy":"product_cat","embeddable":true,"href":"https:\/\/clinect.pl\/index.php\/wp-json\/wp\/v2\/product_cat?post=1378099"},{"taxonomy":"product_tag","embeddable":true,"href":"https:\/\/clinect.pl\/index.php\/wp-json\/wp\/v2\/product_tag?post=1378099"}],"curies":[{"name":"wp","href":"https:\/\/api.w.org\/{rel}","templated":true}]}}